{"id":6156,"date":"2024-12-18T17:26:00","date_gmt":"2024-12-18T17:26:00","guid":{"rendered":"https:\/\/madeiragolfpassport.com\/?page_id=6156"},"modified":"2026-03-30T12:45:34","modified_gmt":"2026-03-30T11:45:34","slug":"pacotes-de-golfe","status":"publish","type":"page","link":"https:\/\/madeiragolfpassport.com\/pt-pt\/pacotes-de-golfe\/","title":{"rendered":"PACOTES DE GOLFE"},"content":{"rendered":"<p>[et_pb_section fb_built=&#8221;1&#8243; admin_label=&#8221;Section HERO&#8221; _builder_version=&#8221;4.27.4&#8243; _module_preset=&#8221;default&#8221; background_image=&#8221;https:\/\/madeiragolfpassport.com\/wp-content\/uploads\/2024\/12\/hero-pacotes-de-golfe.jpg&#8221; background_position=&#8221;bottom_center&#8221; module_alignment=&#8221;center&#8221; min_height=&#8221;660px&#8221; min_height_tablet=&#8221;550px&#8221; min_height_phone=&#8221;550px&#8221; min_height_last_edited=&#8221;on|desktop&#8221; global_colors_info=&#8221;{}&#8221;][et_pb_row _builder_version=&#8221;4.27.4&#8243; _module_preset=&#8221;default&#8221; custom_margin=&#8221;0px||0px||false|false&#8221; custom_padding=&#8221;0px||0px||false|false&#8221; global_colors_info=&#8221;{}&#8221;][et_pb_column type=&#8221;4_4&#8243; _builder_version=&#8221;4.27.4&#8243; _module_preset=&#8221;default&#8221; global_colors_info=&#8221;{}&#8221;][et_pb_heading title=&#8221;Pacotes de Golfe&#8221; _builder_version=&#8221;4.27.4&#8243; _module_preset=&#8221;b2a72dc7-6a34-498c-a4eb-798f9658c066&#8243; global_colors_info=&#8221;{}&#8221;][\/et_pb_heading][\/et_pb_column][\/et_pb_row][\/et_pb_section][et_pb_section fb_built=&#8221;1&#8243; admin_label=&#8221;Section Intro&#8221; module_class=&#8221;section_intro&#8221; _builder_version=&#8221;4.27.4&#8243; _module_preset=&#8221;default&#8221; background_color=&#8221;rgba(0,0,0,0)&#8221; custom_margin=&#8221;70px||0px||false|false&#8221; custom_margin_tablet=&#8221;70px||||false|false&#8221; custom_margin_phone=&#8221;70px||||false|false&#8221; custom_margin_last_edited=&#8221;on|desktop&#8221; custom_padding=&#8221;0px|0px|0px|0px|false|false&#8221; custom_css_main_element=&#8221;||position: relative!important;||width: 100%!important;||max-width: 100%!important;|| height: 100%!important;|| min-height: 100%!important;||background: transparent!important;||z-index: 99!important;&#8221; global_colors_info=&#8221;{}&#8221;][et_pb_row admin_label=&#8221;Row Texto Intro&#8221; _builder_version=&#8221;4.27.4&#8243; _module_preset=&#8221;default&#8221; width=&#8221;70%&#8221; width_tablet=&#8221;80%&#8221; width_phone=&#8221;&#8221; width_last_edited=&#8221;on|tablet&#8221; max_width=&#8221;70%&#8221; max_width_tablet=&#8221;80%&#8221; max_width_phone=&#8221;&#8221; max_width_last_edited=&#8221;on|desktop&#8221; module_alignment=&#8221;center&#8221; custom_margin=&#8221;0px||0px||false|false&#8221; custom_padding=&#8221;0px|0px|0px|0px|false|false&#8221; custom_css_main_element=&#8221;padding: 30px 0 0 0!important;||position: relative;|| height: 100%!important;|| min-height: 100%!important;||border: 0;&#8221; global_colors_info=&#8221;{}&#8221;][et_pb_column type=&#8221;4_4&#8243; _builder_version=&#8221;4.16&#8243; _module_preset=&#8221;default&#8221; global_colors_info=&#8221;{}&#8221;][et_pb_text admin_label=&#8221;Text&#8221; _builder_version=&#8221;4.27.4&#8243; _module_preset=&#8221;5c5b351e-7dd6-474c-a35c-5f0750ef7fa2&#8243; global_colors_info=&#8221;{}&#8221;]<\/p>\n<h2 style=\"text-align: center;\">Aventurar-se nos campos de golfe da Madeira com o <strong>Madeira Golf Passport<\/strong>!<\/h2>\n<p>[\/et_pb_text][et_pb_button button_url=&#8221;@ET-DC@eyJkeW5hbWljIjp0cnVlLCJjb250ZW50IjoicG9zdF9saW5rX3VybF9wYWdlIiwic2V0dGluZ3MiOnsicG9zdF9pZCI6IjI5NTQifX0=@&#8221; button_text=&#8221;reserve j\u00e1&#8221; button_alignment=&#8221;center&#8221; module_class=&#8221;buttongreen push&#8221; _builder_version=&#8221;4.27.4&#8243; _dynamic_attributes=&#8221;button_url&#8221; _module_preset=&#8221;default&#8221; custom_margin=&#8221;50px||||false|false&#8221; global_colors_info=&#8221;{}&#8221;][\/et_pb_button][\/et_pb_column][\/et_pb_row][\/et_pb_section][et_pb_section fb_built=&#8221;1&#8243; admin_label=&#8221;Section Golf Packs&#8221; _builder_version=&#8221;4.27.4&#8243; _module_preset=&#8221;default&#8221; custom_margin=&#8221;50px||0px||false|false&#8221; custom_padding=&#8221;0px||0px||false|false&#8221; global_colors_info=&#8221;{}&#8221;][et_pb_row column_structure=&#8221;1_4,3_4&#8243; use_custom_gutter=&#8221;on&#8221; gutter_width=&#8221;1&#8243; make_equal=&#8221;on&#8221; admin_label=&#8221;Row 3 rondas&#8221; _builder_version=&#8221;4.27.4&#8243; _module_preset=&#8221;default&#8221; module_alignment=&#8221;center&#8221; custom_margin=&#8221;0px||30px||false|false&#8221; custom_padding=&#8221;0px||0px||false|false&#8221; global_colors_info=&#8221;{}&#8221;][et_pb_column type=&#8221;1_4&#8243; _builder_version=&#8221;4.27.4&#8243; _module_preset=&#8221;default&#8221; global_colors_info=&#8221;{}&#8221;][et_pb_text admin_label=&#8221;Text&#8221; module_class=&#8221;golf-round-box&#8221; _builder_version=&#8221;4.27.5&#8243; _module_preset=&#8221;default&#8221; text_text_color=&#8221;#FFFFFF&#8221; header_4_font=&#8221;Poppins|800|||||||&#8221; header_4_text_align=&#8221;left&#8221; header_4_text_color=&#8221;#ffffff&#8221; header_4_font_size=&#8221;16px&#8221; header_4_letter_spacing=&#8221;-0.01em&#8221; header_4_line_height=&#8221;110%&#8221; background_color=&#8221;#67B763&#8243; background_image=&#8221;https:\/\/madeiragolfpassport.com\/wp-content\/uploads\/2024\/12\/golf-ball-studio-1.png&#8221; background_size=&#8221;contain&#8221; background_position=&#8221;bottom_center&#8221; width=&#8221;100%&#8221; max_width=&#8221;100%&#8221; module_alignment=&#8221;center&#8221; min_height=&#8221;400px&#8221; custom_margin=&#8221;0px|0px|0px|0px|false|false&#8221; custom_margin_tablet=&#8221;0px|0px|0px|0px|false|false&#8221; custom_margin_phone=&#8221;0px|0px|0px|0px|false|false&#8221; custom_margin_last_edited=&#8221;on|desktop&#8221; custom_padding=&#8221;0px|0px|0px|0px|false|false&#8221; header_4_font_size_tablet=&#8221;16px&#8221; header_4_font_size_phone=&#8221;16px&#8221; header_4_font_size_last_edited=&#8221;on|phone&#8221; custom_css_main_element=&#8221;position: relative!important;||z-index: 99!important;||display: block!important; ||&#8221; global_colors_info=&#8221;{}&#8221;]<\/p>\n<p style=\"text-align: center;\">Madeira<\/p>\n<p style=\"text-align: center;\"><strong>3 RONDAS<\/strong><\/p>\n<p style=\"text-align: center;\"><strong>POR APENAS 310\u20ac P\/PESSOA<\/strong><\/p>\n<p>[\/et_pb_text][\/et_pb_column][et_pb_column type=&#8221;3_4&#8243; _builder_version=&#8221;4.27.4&#8243; _module_preset=&#8221;default&#8221; background_color=&#8221;rgba(87,87,87,0.1)&#8221; global_colors_info=&#8221;{}&#8221;][et_pb_text disabled_on=&#8221;off|off|off&#8221; module_class=&#8221;pack-text&#8221; _builder_version=&#8221;4.27.4&#8243; _module_preset=&#8221;cb5f2263-e427-4705-a8bb-27ee12aa3095&#8243; text_font=&#8221;Poppins|300|||||||&#8221; text_letter_spacing=&#8221;-0.01em&#8221; text_line_height=&#8221;140%&#8221; header_text_color=&#8221;#575757&#8243; header_font_size=&#8221;40px&#8221; header_2_font=&#8221;Poppins|800|||||||&#8221; header_2_line_height=&#8221;120%&#8221; header_3_font=&#8221;|800|||||||&#8221; header_3_text_align=&#8221;left&#8221; header_3_text_color=&#8221;#575757&#8243; header_3_font_size=&#8221;24px&#8221; header_3_letter_spacing=&#8221;-0.01em&#8221; header_3_line_height=&#8221;110%&#8221; background_color=&#8221;#e4f0e2&#8243; background_enable_image=&#8221;off&#8221; background_position=&#8221;bottom_right&#8221; background_blend=&#8221;multiply&#8221; background_layout=&#8221;dark&#8221; width=&#8221;100%&#8221; max_width=&#8221;100%&#8221; min_height=&#8221;400px&#8221; min_height_tablet=&#8221;100%&#8221; min_height_phone=&#8221;100%&#8221; min_height_last_edited=&#8221;on|desktop&#8221; custom_margin=&#8221;0px|0px|0px|0px|false|false&#8221; custom_margin_tablet=&#8221;0px|0px|0px|0px|false|false&#8221; custom_margin_phone=&#8221;0px|0px|0px|0px|false|false&#8221; custom_margin_last_edited=&#8221;on|desktop&#8221; custom_padding=&#8221;30px|30px|30px|30px|false|false&#8221; text_font_size_tablet=&#8221;&#8221; text_font_size_phone=&#8221;16px&#8221; text_font_size_last_edited=&#8221;on|desktop&#8221; header_3_font_size_tablet=&#8221;24px&#8221; header_3_font_size_phone=&#8221;20px&#8221; header_3_font_size_last_edited=&#8221;on|desktop&#8221; custom_css_main_element=&#8221;position: relative!important;||display: -webkit-box!important; ||display: -ms-flexbox!important;||display: -webkit-flex!important;||display: flex!important;||-webkit-align-items: center!important;||align-items: center!important;||z-index: 99!important;&#8221; global_colors_info=&#8221;{}&#8221;]<\/p>\n<ul>\n<li>Tr\u00eas voltas completas de golfe no Clube de Golf Santo da Serra ou no Palheiro Golf ou uma combina\u00e7\u00e3o personalizada entre ambos os campos;<\/li>\n<li>V\u00e1lido por um per\u00edodo de duas semanas;<\/li>\n<li>Os \u201cTee times\u201d podem ser pr\u00e9-reservados diretamente em cada clube antes de viajar.<\/li>\n<\/ul>\n<p><strong>Nota<\/strong>:\u00a0os jogos n\u00e3o utilizados s\u00e3o intransmiss\u00edveis e n\u00e3o reembols\u00e1veis.<\/p>\n<p>[\/et_pb_text][\/et_pb_column][\/et_pb_row][et_pb_row column_structure=&#8221;1_4,3_4&#8243; use_custom_gutter=&#8221;on&#8221; gutter_width=&#8221;1&#8243; make_equal=&#8221;on&#8221; admin_label=&#8221;Row 4 rondas&#8221; _builder_version=&#8221;4.27.4&#8243; _module_preset=&#8221;default&#8221; module_alignment=&#8221;center&#8221; custom_margin=&#8221;0px||30px||false|false&#8221; custom_padding=&#8221;0px||0px||false|false&#8221; global_colors_info=&#8221;{}&#8221;][et_pb_column type=&#8221;1_4&#8243; _builder_version=&#8221;4.27.4&#8243; _module_preset=&#8221;default&#8221; global_colors_info=&#8221;{}&#8221;][et_pb_text admin_label=&#8221;Text&#8221; module_class=&#8221;golf-round-box&#8221; _builder_version=&#8221;4.27.6&#8243; _module_preset=&#8221;default&#8221; text_text_color=&#8221;#FFFFFF&#8221; header_4_font=&#8221;Poppins|800|||||||&#8221; header_4_text_align=&#8221;left&#8221; header_4_text_color=&#8221;#ffffff&#8221; header_4_font_size=&#8221;16px&#8221; header_4_letter_spacing=&#8221;-0.01em&#8221; header_4_line_height=&#8221;110%&#8221; background_color=&#8221;#67B763&#8243; background_image=&#8221;https:\/\/madeiragolfpassport.com\/wp-content\/uploads\/2024\/12\/golf-ball-studio-1.png&#8221; background_size=&#8221;contain&#8221; background_position=&#8221;bottom_center&#8221; width=&#8221;100%&#8221; max_width=&#8221;100%&#8221; module_alignment=&#8221;center&#8221; min_height=&#8221;400px&#8221; custom_margin=&#8221;0px|0px|0px|0px|false|false&#8221; custom_margin_tablet=&#8221;0px|0px|0px|0px|false|false&#8221; custom_margin_phone=&#8221;0px|0px|0px|0px|false|false&#8221; custom_margin_last_edited=&#8221;on|desktop&#8221; custom_padding=&#8221;0px|0px|0px|0px|false|false&#8221; hover_enabled=&#8221;0&#8243; header_4_font_size_tablet=&#8221;16px&#8221; header_4_font_size_phone=&#8221;16px&#8221; header_4_font_size_last_edited=&#8221;on|phone&#8221; custom_css_main_element=&#8221;position: relative!important;||z-index: 99!important;||display: block!important; ||&#8221; global_colors_info=&#8221;{}&#8221; sticky_enabled=&#8221;0&#8243;]<\/p>\n<p style=\"text-align: center;\">Madeira &amp; Porto Santo<\/p>\n<p style=\"text-align: center;\"><strong>4 RONDAS<\/strong><\/p>\n<p style=\"text-align: center;\"><strong>SOB CONSULTA<\/strong><\/p>\n<p>[\/et_pb_text][\/et_pb_column][et_pb_column type=&#8221;3_4&#8243; _builder_version=&#8221;4.27.4&#8243; _module_preset=&#8221;default&#8221; background_color=&#8221;rgba(87,87,87,0.1)&#8221; global_colors_info=&#8221;{}&#8221;][et_pb_text disabled_on=&#8221;off|off|off&#8221; module_class=&#8221;pack-text&#8221; _builder_version=&#8221;4.27.4&#8243; _module_preset=&#8221;cb5f2263-e427-4705-a8bb-27ee12aa3095&#8243; text_font=&#8221;Poppins|300|||||||&#8221; text_letter_spacing=&#8221;-0.01em&#8221; text_line_height=&#8221;140%&#8221; header_text_color=&#8221;#575757&#8243; header_font_size=&#8221;40px&#8221; header_2_font=&#8221;Poppins|800|||||||&#8221; header_2_line_height=&#8221;120%&#8221; header_3_font=&#8221;|800|||||||&#8221; header_3_text_align=&#8221;left&#8221; header_3_text_color=&#8221;#575757&#8243; header_3_font_size=&#8221;24px&#8221; header_3_letter_spacing=&#8221;-0.01em&#8221; header_3_line_height=&#8221;110%&#8221; background_color=&#8221;#e4f0e2&#8243; background_enable_image=&#8221;off&#8221; background_position=&#8221;bottom_right&#8221; background_blend=&#8221;multiply&#8221; background_layout=&#8221;dark&#8221; width=&#8221;100%&#8221; max_width=&#8221;100%&#8221; min_height=&#8221;400px&#8221; min_height_tablet=&#8221;100%&#8221; min_height_phone=&#8221;100%&#8221; min_height_last_edited=&#8221;on|desktop&#8221; custom_margin=&#8221;0px|0px|0px|0px|false|false&#8221; custom_margin_tablet=&#8221;0px|0px|0px|0px|false|false&#8221; custom_margin_phone=&#8221;0px|0px|0px|0px|false|false&#8221; custom_margin_last_edited=&#8221;on|desktop&#8221; custom_padding=&#8221;30px|30px|30px|30px|false|false&#8221; text_font_size_tablet=&#8221;&#8221; text_font_size_phone=&#8221;16px&#8221; text_font_size_last_edited=&#8221;on|desktop&#8221; header_3_font_size_tablet=&#8221;24px&#8221; header_3_font_size_phone=&#8221;20px&#8221; header_3_font_size_last_edited=&#8221;on|desktop&#8221; custom_css_main_element=&#8221;position: relative!important;||display: -webkit-box!important; ||display: -ms-flexbox!important;||display: -webkit-flex!important;||display: flex!important;||-webkit-align-items: center!important;||align-items: center!important;||z-index: 99!important;&#8221; global_colors_info=&#8221;{}&#8221;]<\/p>\n<ul>\n<li>Quatro voltas completas de golfe no Clube de Golf Santo da Serra, no Palheiro Golf, no Porto Santo Golfe ou uma combina\u00e7\u00e3o personalizada entre estes campos;<\/li>\n<li>V\u00e1lido por um per\u00edodo de duas semanas;<\/li>\n<li>Os \u201cTee times\u201d podem ser pr\u00e9-reservados diretamente em cada clube antes de viajar.<\/li>\n<\/ul>\n<p><strong>Nota<\/strong>:\u00a0obrigat\u00f3rio jogar uma das voltas no Porto Santo Golfe. Inclui viagem e transfer para o Porto Santo. Os jogos n\u00e3o utilizados s\u00e3o intransmiss\u00edveis e n\u00e3o reembols\u00e1veis.<\/p>\n<p>[\/et_pb_text][\/et_pb_column][\/et_pb_row][et_pb_row column_structure=&#8221;1_4,3_4&#8243; use_custom_gutter=&#8221;on&#8221; gutter_width=&#8221;1&#8243; make_equal=&#8221;on&#8221; admin_label=&#8221;Row 5 rondas&#8221; _builder_version=&#8221;4.27.4&#8243; _module_preset=&#8221;default&#8221; module_alignment=&#8221;center&#8221; custom_margin=&#8221;0px||30px||false|false&#8221; custom_padding=&#8221;0px||0px||false|false&#8221; global_colors_info=&#8221;{}&#8221;][et_pb_column type=&#8221;1_4&#8243; _builder_version=&#8221;4.27.4&#8243; _module_preset=&#8221;default&#8221; global_colors_info=&#8221;{}&#8221;][et_pb_text admin_label=&#8221;Text&#8221; module_class=&#8221;golf-round-box&#8221; _builder_version=&#8221;4.27.5&#8243; _module_preset=&#8221;default&#8221; text_text_color=&#8221;#FFFFFF&#8221; header_4_font=&#8221;Poppins|800|||||||&#8221; header_4_text_align=&#8221;left&#8221; header_4_text_color=&#8221;#ffffff&#8221; header_4_font_size=&#8221;16px&#8221; header_4_letter_spacing=&#8221;-0.01em&#8221; header_4_line_height=&#8221;110%&#8221; background_color=&#8221;#67B763&#8243; background_image=&#8221;https:\/\/madeiragolfpassport.com\/wp-content\/uploads\/2024\/12\/golf-ball-studio-1.png&#8221; background_size=&#8221;contain&#8221; background_position=&#8221;bottom_center&#8221; width=&#8221;100%&#8221; max_width=&#8221;100%&#8221; module_alignment=&#8221;center&#8221; min_height=&#8221;400px&#8221; custom_margin=&#8221;0px|0px|0px|0px|false|false&#8221; custom_margin_tablet=&#8221;0px|0px|0px|0px|false|false&#8221; custom_margin_phone=&#8221;0px|0px|0px|0px|false|false&#8221; custom_margin_last_edited=&#8221;on|desktop&#8221; custom_padding=&#8221;0px|0px|0px|0px|false|false&#8221; header_4_font_size_tablet=&#8221;16px&#8221; header_4_font_size_phone=&#8221;16px&#8221; header_4_font_size_last_edited=&#8221;on|phone&#8221; custom_css_main_element=&#8221;position: relative!important;||z-index: 99!important;||display: block!important; ||&#8221; global_colors_info=&#8221;{}&#8221;]<\/p>\n<p style=\"text-align: center;\">Madeira<\/p>\n<p style=\"text-align: center;\"><strong>5 RONDAS<\/strong><\/p>\n<p style=\"text-align: center;\"><strong>POR APENAS 450\u20ac P\/PESSOA<\/strong><\/p>\n<p>[\/et_pb_text][\/et_pb_column][et_pb_column type=&#8221;3_4&#8243; _builder_version=&#8221;4.27.4&#8243; _module_preset=&#8221;default&#8221; background_color=&#8221;rgba(87,87,87,0.1)&#8221; global_colors_info=&#8221;{}&#8221;][et_pb_text disabled_on=&#8221;off|off|off&#8221; module_class=&#8221;pack-text&#8221; _builder_version=&#8221;4.27.4&#8243; _module_preset=&#8221;cb5f2263-e427-4705-a8bb-27ee12aa3095&#8243; text_font=&#8221;Poppins|300|||||||&#8221; text_letter_spacing=&#8221;-0.01em&#8221; text_line_height=&#8221;140%&#8221; header_text_color=&#8221;#575757&#8243; header_font_size=&#8221;40px&#8221; header_2_font=&#8221;Poppins|800|||||||&#8221; header_2_line_height=&#8221;120%&#8221; header_3_font=&#8221;|800|||||||&#8221; header_3_text_align=&#8221;left&#8221; header_3_text_color=&#8221;#575757&#8243; header_3_font_size=&#8221;24px&#8221; header_3_letter_spacing=&#8221;-0.01em&#8221; header_3_line_height=&#8221;110%&#8221; background_color=&#8221;#e4f0e2&#8243; background_enable_image=&#8221;off&#8221; background_position=&#8221;bottom_right&#8221; background_blend=&#8221;multiply&#8221; background_layout=&#8221;dark&#8221; width=&#8221;100%&#8221; max_width=&#8221;100%&#8221; min_height=&#8221;400px&#8221; min_height_tablet=&#8221;100%&#8221; min_height_phone=&#8221;100%&#8221; min_height_last_edited=&#8221;on|desktop&#8221; custom_margin=&#8221;0px|0px|0px|0px|false|false&#8221; custom_margin_tablet=&#8221;0px|0px|0px|0px|false|false&#8221; custom_margin_phone=&#8221;0px|0px|0px|0px|false|false&#8221; custom_margin_last_edited=&#8221;on|desktop&#8221; custom_padding=&#8221;30px|30px|30px|30px|false|false&#8221; text_font_size_tablet=&#8221;&#8221; text_font_size_phone=&#8221;16px&#8221; text_font_size_last_edited=&#8221;on|desktop&#8221; header_3_font_size_tablet=&#8221;24px&#8221; header_3_font_size_phone=&#8221;20px&#8221; header_3_font_size_last_edited=&#8221;on|desktop&#8221; custom_css_main_element=&#8221;position: relative!important;||display: -webkit-box!important; ||display: -ms-flexbox!important;||display: -webkit-flex!important;||display: flex!important;||-webkit-align-items: center!important;||align-items: center!important;||z-index: 99!important;&#8221; global_colors_info=&#8221;{}&#8221;]<\/p>\n<ul>\n<li>Cinco voltas completas de golfe no Clube de Golf Santo da Serra, no Palheiro Golf ou uma combina\u00e7\u00e3o personalizada entre os dois campos;<\/li>\n<li>V\u00e1lido por um per\u00edodo de duas semanas;<\/li>\n<li>Os \u201cTee times\u201d podem ser pr\u00e9-reservados.<\/li>\n<\/ul>\n<p><strong>Nota<\/strong>:\u00a0os jogos n\u00e3o utilizados s\u00e3o intransmiss\u00edveis e n\u00e3o reembols\u00e1veis.<\/p>\n<p>[\/et_pb_text][\/et_pb_column][\/et_pb_row][et_pb_row _builder_version=&#8221;4.27.4&#8243; _module_preset=&#8221;default&#8221; custom_margin=&#8221;0px||30px||false|false&#8221; custom_padding=&#8221;0px||0px||false|false&#8221; global_colors_info=&#8221;{}&#8221;][et_pb_column type=&#8221;4_4&#8243; _builder_version=&#8221;4.25.0&#8243; _module_preset=&#8221;default&#8221; global_colors_info=&#8221;{}&#8221;][et_pb_text admin_label=&#8221;PACOTE PREMIUM&#8221; _builder_version=&#8221;4.27.4&#8243; _dynamic_attributes=&#8221;link_option_url&#8221; _module_preset=&#8221;default&#8221; text_font=&#8221;&#8211;et_global_body_font|300|||||||&#8221; text_text_color=&#8221;#575757&#8243; text_font_size=&#8221;17px&#8221; text_letter_spacing=&#8221;-0.01px&#8221; text_line_height=&#8221;130%&#8221; background_color=&#8221;#e4f0e2&#8243; background_layout=&#8221;dark&#8221; custom_margin=&#8221;0px||0px||false|false&#8221; custom_padding=&#8221;40px|5%|40px|5%|false|false&#8221; link_option_url=&#8221;@ET-DC@eyJkeW5hbWljIjp0cnVlLCJjb250ZW50IjoicG9zdF9saW5rX3VybF9wYWdlIiwic2V0dGluZ3MiOnsicG9zdF9pZCI6IjY4MzEifX0=@&#8221; global_colors_info=&#8221;{}&#8221;]<\/p>\n<p><strong>Pacote Porto Santo:<\/strong> adicione uma viagem inesquec\u00edvel de um dia ao Porto Santo Golfe, a partir de apenas 125 \u20ac*, incluindo um cruzeiro de um dia (viagem de ida e volta em ferry) com a Porto Santo Line, transferes entre o hotel e o campo de golfe em qualquer um dos modelos e o seu \u201cgreen fee\u201d de 18 buracos.<\/p>\n<p><small>*O pre\u00e7o baseia-se na &#8220;classe tur\u00edstica&#8221; das viagens de ferry. A viagem em primeira classe tamb\u00e9m est\u00e1 dispon\u00edvel por um pequeno custo extra.<\/small><\/p>\n<p>[\/et_pb_text][\/et_pb_column][\/et_pb_row][\/et_pb_section][et_pb_section fb_built=&#8221;1&#8243; fullwidth=&#8221;on&#8221; disabled_on=&#8221;off|off|off&#8221; _builder_version=&#8221;4.27.4&#8243; _module_preset=&#8221;default&#8221; min_height=&#8221;627px&#8221; custom_margin=&#8221;90px||||false|false&#8221; custom_padding=&#8221;||||false|false&#8221; custom_css_main_element=&#8221;||position: relative;||width: 100%!important;||max-width: 100%!important;|| height: 100%!important;|| min-height: 100%!important;||border: 0;&#8221; global_colors_info=&#8221;{}&#8221;][et_pb_fullwidth_image alt=&#8221;campo de golfe&#8221; title_text=&#8221;pacotes-de-golfe-cta-img&#8221; _builder_version=&#8221;4.27.4&#8243; _module_preset=&#8221;default&#8221; background_image=&#8221;https:\/\/madeiragolfpassport.com\/wp-content\/uploads\/2024\/12\/pacotes-de-golfe-cta-img.jpg&#8221; background_position=&#8221;bottom_center&#8221; width=&#8221;100%&#8221; max_width=&#8221;100%&#8221; module_alignment=&#8221;center&#8221; min_height=&#8221;627px&#8221; custom_margin=&#8221;0px||0px||false|false&#8221; custom_padding=&#8221;0px|0px|0px|0px|false|false&#8221; custom_css_main_element=&#8221;||position: relative;||border: 0;&#8221; global_colors_info=&#8221;{}&#8221;][\/et_pb_fullwidth_image][\/et_pb_section][et_pb_section fb_built=&#8221;1&#8243; admin_label=&#8221;Section CTA&#8221; module_class=&#8221;section_cta&#8221; _builder_version=&#8221;4.27.4&#8243; _module_preset=&#8221;default&#8221; custom_margin=&#8221;70px||70px||false|false&#8221; custom_margin_tablet=&#8221;70px||70px||false|false&#8221; custom_margin_phone=&#8221;50px||50px||false|false&#8221; custom_margin_last_edited=&#8221;on|phone&#8221; custom_padding=&#8221;0px||0px||false|false&#8221; global_colors_info=&#8221;{}&#8221;][et_pb_row admin_label=&#8221;Row CTA&#8221; _builder_version=&#8221;4.27.4&#8243; _module_preset=&#8221;default&#8221; background_enable_color=&#8221;off&#8221; width=&#8221;70%&#8221; width_tablet=&#8221;80%&#8221; width_phone=&#8221;&#8221; width_last_edited=&#8221;on|tablet&#8221; max_width=&#8221;70%&#8221; max_width_tablet=&#8221;80%&#8221; max_width_phone=&#8221;&#8221; max_width_last_edited=&#8221;on|desktop&#8221; module_alignment=&#8221;center&#8221; custom_margin=&#8221;||||false|false&#8221; custom_margin_tablet=&#8221;||||false|false&#8221; custom_margin_phone=&#8221;||||false|false&#8221; custom_margin_last_edited=&#8221;on|desktop&#8221; custom_padding=&#8221;0px|0px|0px|0px|false|false&#8221; custom_css_main_element=&#8221;padding: 30px 0 0 0!important;||position: relative;|| height: 100%!important;|| min-height: 100%!important;||border: 0;&#8221; global_colors_info=&#8221;{}&#8221;][et_pb_column type=&#8221;4_4&#8243; _builder_version=&#8221;4.16&#8243; _module_preset=&#8221;default&#8221; global_colors_info=&#8221;{}&#8221;][et_pb_button button_url=&#8221;@ET-DC@eyJkeW5hbWljIjp0cnVlLCJjb250ZW50IjoicG9zdF9saW5rX3VybF9wYWdlIiwic2V0dGluZ3MiOnsicG9zdF9pZCI6IjI5NTQifX0=@&#8221; button_text=&#8221;reserve j\u00e1&#8221; button_alignment=&#8221;center&#8221; module_class=&#8221;buttongreen push&#8221; _builder_version=&#8221;4.27.4&#8243; _dynamic_attributes=&#8221;button_url&#8221; _module_preset=&#8221;default&#8221; custom_margin=&#8221;||||false|false&#8221; custom_margin_tablet=&#8221;||||false|false&#8221; custom_margin_phone=&#8221;||||false|false&#8221; custom_margin_last_edited=&#8221;on|phone&#8221; global_colors_info=&#8221;{}&#8221;][\/et_pb_button][\/et_pb_column][\/et_pb_row][\/et_pb_section]<\/p>\n","protected":false},"excerpt":{"rendered":"<p>Aventurar-se nos campos de golfe da Madeira com o Madeira Golf Passport!Madeira 3 RONDAS POR APENAS 310\u20ac P\/PESSOA Tr\u00eas voltas completas de golfe no Clube de Golf Santo da Serra ou no Palheiro Golf ou uma combina\u00e7\u00e3o personalizada entre ambos os campos; V\u00e1lido por um per\u00edodo de duas semanas; Os \u201cTee times\u201d podem ser pr\u00e9-reservados [&hellip;]<\/p>\n","protected":false},"author":1,"featured_media":0,"parent":0,"menu_order":0,"comment_status":"closed","ping_status":"closed","template":"","meta":{"_et_pb_use_builder":"on","_et_pb_old_content":"","_et_gb_content_width":"","footnotes":""},"class_list":["post-6156","page","type-page","status-publish","hentry"],"_links":{"self":[{"href":"https:\/\/madeiragolfpassport.com\/pt-pt\/wp-json\/wp\/v2\/pages\/6156","targetHints":{"allow":["GET"]}}],"collection":[{"href":"https:\/\/madeiragolfpassport.com\/pt-pt\/wp-json\/wp\/v2\/pages"}],"about":[{"href":"https:\/\/madeiragolfpassport.com\/pt-pt\/wp-json\/wp\/v2\/types\/page"}],"author":[{"embeddable":true,"href":"https:\/\/madeiragolfpassport.com\/pt-pt\/wp-json\/wp\/v2\/users\/1"}],"replies":[{"embeddable":true,"href":"https:\/\/madeiragolfpassport.com\/pt-pt\/wp-json\/wp\/v2\/comments?post=6156"}],"version-history":[{"count":81,"href":"https:\/\/madeiragolfpassport.com\/pt-pt\/wp-json\/wp\/v2\/pages\/6156\/revisions"}],"predecessor-version":[{"id":8570,"href":"https:\/\/madeiragolfpassport.com\/pt-pt\/wp-json\/wp\/v2\/pages\/6156\/revisions\/8570"}],"wp:attachment":[{"href":"https:\/\/madeiragolfpassport.com\/pt-pt\/wp-json\/wp\/v2\/media?parent=6156"}],"curies":[{"name":"wp","href":"https:\/\/api.w.org\/{rel}","templated":true}]}}