{"id":7088,"date":"2024-12-18T17:26:00","date_gmt":"2024-12-18T17:26:00","guid":{"rendered":"https:\/\/madeiragolfpassport.com\/golf-pakete\/"},"modified":"2026-03-30T12:48:58","modified_gmt":"2026-03-30T11:48:58","slug":"golf-pakete","status":"publish","type":"page","link":"https:\/\/madeiragolfpassport.com\/de\/golf-pakete\/","title":{"rendered":"Golf-Pakete"},"content":{"rendered":"<p>[et_pb_section fb_built=&#8220;1&#8243; admin_label=&#8220;Section HERO&#8220; _builder_version=&#8220;4.27.4&#8243; _module_preset=&#8220;default&#8220; background_image=&#8220;https:\/\/madeiragolfpassport.com\/wp-content\/uploads\/2024\/12\/hero-pacotes-de-golfe.jpg&#8220; background_position=&#8220;bottom_center&#8220; module_alignment=&#8220;center&#8220; min_height=&#8220;660px&#8220; min_height_tablet=&#8220;550px&#8220; min_height_phone=&#8220;550px&#8220; min_height_last_edited=&#8220;on|desktop&#8220; global_colors_info=&#8220;{}&#8220;][et_pb_row _builder_version=&#8220;4.27.4&#8243; _module_preset=&#8220;default&#8220; custom_margin=&#8220;0px||0px||false|false&#8220; custom_padding=&#8220;0px||0px||false|false&#8220; global_colors_info=&#8220;{}&#8220;][et_pb_column type=&#8220;4_4&#8243; _builder_version=&#8220;4.27.4&#8243; _module_preset=&#8220;default&#8220; global_colors_info=&#8220;{}&#8220;][et_pb_heading title=&#8220;Golf-Pakete&#8220; _builder_version=&#8220;4.27.4&#8243; _module_preset=&#8220;b2a72dc7-6a34-498c-a4eb-798f9658c066&#8243; global_colors_info=&#8220;{}&#8220;][\/et_pb_heading][\/et_pb_column][\/et_pb_row][\/et_pb_section][et_pb_section fb_built=&#8220;1&#8243; admin_label=&#8220;Section Intro&#8220; module_class=&#8220;section_intro&#8220; _builder_version=&#8220;4.27.4&#8243; _module_preset=&#8220;default&#8220; background_color=&#8220;rgba(0,0,0,0)&#8220; custom_margin=&#8220;70px||0px||false|false&#8220; custom_margin_tablet=&#8220;70px||||false|false&#8220; custom_margin_phone=&#8220;70px||||false|false&#8220; custom_margin_last_edited=&#8220;on|desktop&#8220; custom_padding=&#8220;0px|0px|0px|0px|false|false&#8220; custom_css_main_element=&#8220;||position: relative!important;||width: 100%!important;||max-width: 100%!important;|| height: 100%!important;|| min-height: 100%!important;||background: transparent!important;||z-index: 99!important;&#8220; global_colors_info=&#8220;{}&#8220;][et_pb_row admin_label=&#8220;Row Texto Intro&#8220; _builder_version=&#8220;4.27.4&#8243; _module_preset=&#8220;default&#8220; width=&#8220;70%&#8220; width_tablet=&#8220;80%&#8220; width_phone=&#8220;&#8220; width_last_edited=&#8220;on|tablet&#8220; max_width=&#8220;70%&#8220; max_width_tablet=&#8220;80%&#8220; max_width_phone=&#8220;&#8220; max_width_last_edited=&#8220;on|desktop&#8220; module_alignment=&#8220;center&#8220; custom_margin=&#8220;0px||0px||false|false&#8220; custom_padding=&#8220;0px|0px|0px|0px|false|false&#8220; custom_css_main_element=&#8220;padding: 30px 0 0 0!important;||position: relative;|| height: 100%!important;|| min-height: 100%!important;||border: 0;&#8220; global_colors_info=&#8220;{}&#8220;][et_pb_column type=&#8220;4_4&#8243; _builder_version=&#8220;4.16&#8243; _module_preset=&#8220;default&#8220; global_colors_info=&#8220;{}&#8220;][et_pb_text admin_label=&#8220;Text&#8220; _builder_version=&#8220;4.27.4&#8243; _module_preset=&#8220;5c5b351e-7dd6-474c-a35c-5f0750ef7fa2&#8243; global_colors_info=&#8220;{}&#8220;]<\/p>\n<h2 style=\"text-align: center;\">Erleben Sie die Golfpl\u00e4tze Madeiras mit dem <strong>Madeira Golf Passport<\/strong>!<\/h2>\n<p>[\/et_pb_text][et_pb_button button_url=&#8220;@ET-DC@eyJkeW5hbWljIjp0cnVlLCJjb250ZW50IjoicG9zdF9saW5rX3VybF9wYWdlIiwic2V0dGluZ3MiOnsicG9zdF9pZCI6IjI5NTQiLCJlbmFibGVfaHRtbCI6Im9mZiJ9fQ==@&#8220; button_text=&#8220;JETZT BUCHEN&#8220; button_alignment=&#8220;center&#8220; module_class=&#8220;buttongreen push&#8220; _builder_version=&#8220;4.27.4&#8243; _dynamic_attributes=&#8220;button_url&#8220; _module_preset=&#8220;default&#8220; custom_margin=&#8220;50px||||false|false&#8220; global_colors_info=&#8220;{}&#8220;][\/et_pb_button][\/et_pb_column][\/et_pb_row][\/et_pb_section][et_pb_section fb_built=&#8220;1&#8243; admin_label=&#8220;Section Golf Packs&#8220; _builder_version=&#8220;4.27.4&#8243; _module_preset=&#8220;default&#8220; custom_margin=&#8220;50px||0px||false|false&#8220; custom_padding=&#8220;0px||0px||false|false&#8220; global_colors_info=&#8220;{}&#8220;][et_pb_row column_structure=&#8220;1_4,3_4&#8243; use_custom_gutter=&#8220;on&#8220; gutter_width=&#8220;1&#8243; make_equal=&#8220;on&#8220; admin_label=&#8220;Row 3 rondas&#8220; _builder_version=&#8220;4.27.4&#8243; _module_preset=&#8220;default&#8220; module_alignment=&#8220;center&#8220; custom_margin=&#8220;0px||30px||false|false&#8220; custom_padding=&#8220;0px||0px||false|false&#8220; global_colors_info=&#8220;{}&#8220;][et_pb_column type=&#8220;1_4&#8243; _builder_version=&#8220;4.27.4&#8243; _module_preset=&#8220;default&#8220; global_colors_info=&#8220;{}&#8220;][et_pb_text admin_label=&#8220;Text&#8220; module_class=&#8220;golf-round-box&#8220; _builder_version=&#8220;4.27.5&#8243; _module_preset=&#8220;default&#8220; text_text_color=&#8220;#FFFFFF&#8220; header_4_font=&#8220;Poppins|800|||||||&#8220; header_4_text_align=&#8220;left&#8220; header_4_text_color=&#8220;#ffffff&#8220; header_4_font_size=&#8220;16px&#8220; header_4_letter_spacing=&#8220;-0.01em&#8220; header_4_line_height=&#8220;110%&#8220; background_color=&#8220;#67B763&#8243; background_image=&#8220;https:\/\/madeiragolfpassport.com\/wp-content\/uploads\/2024\/12\/golf-ball-studio-1.png&#8220; background_size=&#8220;contain&#8220; background_position=&#8220;bottom_center&#8220; width=&#8220;100%&#8220; max_width=&#8220;100%&#8220; module_alignment=&#8220;center&#8220; min_height=&#8220;400px&#8220; custom_margin=&#8220;0px|0px|0px|0px|false|false&#8220; custom_margin_tablet=&#8220;0px|0px|0px|0px|false|false&#8220; custom_margin_phone=&#8220;0px|0px|0px|0px|false|false&#8220; custom_margin_last_edited=&#8220;on|desktop&#8220; custom_padding=&#8220;0px|0px|0px|0px|false|false&#8220; header_4_font_size_tablet=&#8220;16px&#8220; header_4_font_size_phone=&#8220;16px&#8220; header_4_font_size_last_edited=&#8220;on|phone&#8220; custom_css_main_element=&#8220;position: relative!important;||z-index: 99!important;||display: block!important; ||&#8220; global_colors_info=&#8220;{}&#8220;]<\/p>\n<p style=\"text-align: center;\">Madeira<\/p>\n<p style=\"text-align: center;\"><strong>3 RUNDEN<\/strong><\/p>\n<p style=\"text-align: center;\"><strong>F\u00dcR NUR 310 \u20ac PRO PERSON<\/strong><\/p>\n<p>[\/et_pb_text][\/et_pb_column][et_pb_column type=&#8220;3_4&#8243; _builder_version=&#8220;4.27.4&#8243; _module_preset=&#8220;default&#8220; background_color=&#8220;rgba(87,87,87,0.1)&#8220; global_colors_info=&#8220;{}&#8220;][et_pb_text disabled_on=&#8220;off|off|off&#8220; module_class=&#8220;pack-text&#8220; _builder_version=&#8220;4.27.4&#8243; _module_preset=&#8220;cb5f2263-e427-4705-a8bb-27ee12aa3095&#8243; text_font=&#8220;Poppins|300|||||||&#8220; text_letter_spacing=&#8220;-0.01em&#8220; text_line_height=&#8220;140%&#8220; header_text_color=&#8220;#575757&#8243; header_font_size=&#8220;40px&#8220; header_2_font=&#8220;Poppins|800|||||||&#8220; header_2_line_height=&#8220;120%&#8220; header_3_font=&#8220;|800|||||||&#8220; header_3_text_align=&#8220;left&#8220; header_3_text_color=&#8220;#575757&#8243; header_3_font_size=&#8220;24px&#8220; header_3_letter_spacing=&#8220;-0.01em&#8220; header_3_line_height=&#8220;110%&#8220; background_color=&#8220;#e4f0e2&#8243; background_enable_image=&#8220;off&#8220; background_position=&#8220;bottom_right&#8220; background_blend=&#8220;multiply&#8220; background_layout=&#8220;dark&#8220; width=&#8220;100%&#8220; max_width=&#8220;100%&#8220; min_height=&#8220;400px&#8220; min_height_tablet=&#8220;100%&#8220; min_height_phone=&#8220;100%&#8220; min_height_last_edited=&#8220;on|desktop&#8220; custom_margin=&#8220;0px|0px|0px|0px|false|false&#8220; custom_margin_tablet=&#8220;0px|0px|0px|0px|false|false&#8220; custom_margin_phone=&#8220;0px|0px|0px|0px|false|false&#8220; custom_margin_last_edited=&#8220;on|desktop&#8220; custom_padding=&#8220;30px|30px|30px|30px|false|false&#8220; text_font_size_tablet=&#8220;&#8220; text_font_size_phone=&#8220;16px&#8220; text_font_size_last_edited=&#8220;on|desktop&#8220; header_3_font_size_tablet=&#8220;24px&#8220; header_3_font_size_phone=&#8220;20px&#8220; header_3_font_size_last_edited=&#8220;on|desktop&#8220; custom_css_main_element=&#8220;position: relative!important;||display: -webkit-box!important; ||display: -ms-flexbox!important;||display: -webkit-flex!important;||display: flex!important;||-webkit-align-items: center!important;||align-items: center!important;||z-index: 99!important;&#8220; global_colors_info=&#8220;{}&#8220;]<\/p>\n<ul>\n<li>Drei komplette Golfrunden auf dem Santo da Serra Golf Club oder Palheiro Golf oder eine individuelle Kombination aus beiden Pl\u00e4tzen;<\/li>\n<li>G\u00fcltig f\u00fcr einen Zeitraum von zwei Wochen;<\/li>\n<li>Die Abschlagszeiten (Tee Times) k\u00f6nnen vor der Reise direkt in den jeweiligen Clubs gebucht werden.<\/li>\n<\/ul>\n<p><strong>Hinweis<\/strong>: Nicht genutzte Spiele sind nicht \u00fcbertragbar und k\u00f6nnen nicht erstattet werden.<\/p>\n<p>&nbsp;<\/p>\n<p>[\/et_pb_text][\/et_pb_column][\/et_pb_row][et_pb_row column_structure=&#8220;1_4,3_4&#8243; use_custom_gutter=&#8220;on&#8220; gutter_width=&#8220;1&#8243; make_equal=&#8220;on&#8220; admin_label=&#8220;Row 4 rondas&#8220; _builder_version=&#8220;4.27.4&#8243; _module_preset=&#8220;default&#8220; module_alignment=&#8220;center&#8220; custom_margin=&#8220;0px||30px||false|false&#8220; custom_padding=&#8220;0px||0px||false|false&#8220; global_colors_info=&#8220;{}&#8220;][et_pb_column type=&#8220;1_4&#8243; _builder_version=&#8220;4.27.4&#8243; _module_preset=&#8220;default&#8220; global_colors_info=&#8220;{}&#8220;][et_pb_text admin_label=&#8220;Text&#8220; module_class=&#8220;golf-round-box&#8220; _builder_version=&#8220;4.27.6&#8243; _module_preset=&#8220;default&#8220; text_text_color=&#8220;#FFFFFF&#8220; header_4_font=&#8220;Poppins|800|||||||&#8220; header_4_text_align=&#8220;left&#8220; header_4_text_color=&#8220;#ffffff&#8220; header_4_font_size=&#8220;16px&#8220; header_4_letter_spacing=&#8220;-0.01em&#8220; header_4_line_height=&#8220;110%&#8220; background_color=&#8220;#67B763&#8243; background_image=&#8220;https:\/\/madeiragolfpassport.com\/wp-content\/uploads\/2024\/12\/golf-ball-studio-1.png&#8220; background_size=&#8220;contain&#8220; background_position=&#8220;bottom_center&#8220; width=&#8220;100%&#8220; max_width=&#8220;100%&#8220; module_alignment=&#8220;center&#8220; min_height=&#8220;400px&#8220; custom_margin=&#8220;0px|0px|0px|0px|false|false&#8220; custom_margin_tablet=&#8220;0px|0px|0px|0px|false|false&#8220; custom_margin_phone=&#8220;0px|0px|0px|0px|false|false&#8220; custom_margin_last_edited=&#8220;on|desktop&#8220; custom_padding=&#8220;0px|0px|0px|0px|false|false&#8220; hover_enabled=&#8220;0&#8243; header_4_font_size_tablet=&#8220;16px&#8220; header_4_font_size_phone=&#8220;16px&#8220; header_4_font_size_last_edited=&#8220;on|phone&#8220; custom_css_main_element=&#8220;position: relative!important;||z-index: 99!important;||display: block!important; ||&#8220; global_colors_info=&#8220;{}&#8220; sticky_enabled=&#8220;0&#8243;]<\/p>\n<p style=\"text-align: center;\">Madeira und Porto Santo<\/p>\n<p style=\"text-align: center;\"><strong>4 RUNDEN<\/strong><\/p>\n<p style=\"text-align: center;\"><strong>AUF ANFRAGE<\/strong><\/p>\n<p>[\/et_pb_text][\/et_pb_column][et_pb_column type=&#8220;3_4&#8243; _builder_version=&#8220;4.27.4&#8243; _module_preset=&#8220;default&#8220; background_color=&#8220;rgba(87,87,87,0.1)&#8220; global_colors_info=&#8220;{}&#8220;][et_pb_text disabled_on=&#8220;off|off|off&#8220; module_class=&#8220;pack-text&#8220; _builder_version=&#8220;4.27.4&#8243; _module_preset=&#8220;cb5f2263-e427-4705-a8bb-27ee12aa3095&#8243; text_font=&#8220;Poppins|300|||||||&#8220; text_letter_spacing=&#8220;-0.01em&#8220; text_line_height=&#8220;140%&#8220; header_text_color=&#8220;#575757&#8243; header_font_size=&#8220;40px&#8220; header_2_font=&#8220;Poppins|800|||||||&#8220; header_2_line_height=&#8220;120%&#8220; header_3_font=&#8220;|800|||||||&#8220; header_3_text_align=&#8220;left&#8220; header_3_text_color=&#8220;#575757&#8243; header_3_font_size=&#8220;24px&#8220; header_3_letter_spacing=&#8220;-0.01em&#8220; header_3_line_height=&#8220;110%&#8220; background_color=&#8220;#e4f0e2&#8243; background_enable_image=&#8220;off&#8220; background_position=&#8220;bottom_right&#8220; background_blend=&#8220;multiply&#8220; background_layout=&#8220;dark&#8220; width=&#8220;100%&#8220; max_width=&#8220;100%&#8220; min_height=&#8220;400px&#8220; min_height_tablet=&#8220;100%&#8220; min_height_phone=&#8220;100%&#8220; min_height_last_edited=&#8220;on|desktop&#8220; custom_margin=&#8220;0px|0px|0px|0px|false|false&#8220; custom_margin_tablet=&#8220;0px|0px|0px|0px|false|false&#8220; custom_margin_phone=&#8220;0px|0px|0px|0px|false|false&#8220; custom_margin_last_edited=&#8220;on|desktop&#8220; custom_padding=&#8220;30px|30px|30px|30px|false|false&#8220; text_font_size_tablet=&#8220;&#8220; text_font_size_phone=&#8220;16px&#8220; text_font_size_last_edited=&#8220;on|desktop&#8220; header_3_font_size_tablet=&#8220;24px&#8220; header_3_font_size_phone=&#8220;20px&#8220; header_3_font_size_last_edited=&#8220;on|desktop&#8220; custom_css_main_element=&#8220;position: relative!important;||display: -webkit-box!important; ||display: -ms-flexbox!important;||display: -webkit-flex!important;||display: flex!important;||-webkit-align-items: center!important;||align-items: center!important;||z-index: 99!important;&#8220; global_colors_info=&#8220;{}&#8220;]<\/p>\n<ul>\n<li>Vier komplette Golfrunden auf dem Clube de Golf Santo da Serra, Palheiro Golf, Porto Santo Golfe oder eine individuelle Kombination dieser Pl\u00e4tze;<\/li>\n<li>G\u00fcltig f\u00fcr einen Zeitraum von zwei Wochen;<\/li>\n<li>Die Abschlagszeiten (Tee Times) k\u00f6nnen vor der Reise direkt in den jeweiligen Clubs gebucht werden.<\/li>\n<\/ul>\n<p><strong>Hinweis<\/strong>: Es ist obligatorisch, eine der Runden auf dem Porto Santo Golfe zu spielen.<br \/>\nReise und Transfer nach Porto Santo sind inbegriffen.<br \/>\nNicht genutzte Spiele sind nicht \u00fcbertragbar und k\u00f6nnen nicht erstattet werden.  <\/p>\n<p>[\/et_pb_text][\/et_pb_column][\/et_pb_row][et_pb_row column_structure=&#8220;1_4,3_4&#8243; use_custom_gutter=&#8220;on&#8220; gutter_width=&#8220;1&#8243; make_equal=&#8220;on&#8220; admin_label=&#8220;Row 5 rondas&#8220; _builder_version=&#8220;4.27.4&#8243; _module_preset=&#8220;default&#8220; module_alignment=&#8220;center&#8220; custom_margin=&#8220;0px||30px||false|false&#8220; custom_padding=&#8220;0px||0px||false|false&#8220; global_colors_info=&#8220;{}&#8220;][et_pb_column type=&#8220;1_4&#8243; _builder_version=&#8220;4.27.4&#8243; _module_preset=&#8220;default&#8220; global_colors_info=&#8220;{}&#8220;][et_pb_text admin_label=&#8220;Text&#8220; module_class=&#8220;golf-round-box&#8220; _builder_version=&#8220;4.27.5&#8243; _module_preset=&#8220;default&#8220; text_text_color=&#8220;#FFFFFF&#8220; header_4_font=&#8220;Poppins|800|||||||&#8220; header_4_text_align=&#8220;left&#8220; header_4_text_color=&#8220;#ffffff&#8220; header_4_font_size=&#8220;16px&#8220; header_4_letter_spacing=&#8220;-0.01em&#8220; header_4_line_height=&#8220;110%&#8220; background_color=&#8220;#67B763&#8243; background_image=&#8220;https:\/\/madeiragolfpassport.com\/wp-content\/uploads\/2024\/12\/golf-ball-studio-1.png&#8220; background_size=&#8220;contain&#8220; background_position=&#8220;bottom_center&#8220; width=&#8220;100%&#8220; max_width=&#8220;100%&#8220; module_alignment=&#8220;center&#8220; min_height=&#8220;400px&#8220; custom_margin=&#8220;0px|0px|0px|0px|false|false&#8220; custom_margin_tablet=&#8220;0px|0px|0px|0px|false|false&#8220; custom_margin_phone=&#8220;0px|0px|0px|0px|false|false&#8220; custom_margin_last_edited=&#8220;on|desktop&#8220; custom_padding=&#8220;0px|0px|0px|0px|false|false&#8220; header_4_font_size_tablet=&#8220;16px&#8220; header_4_font_size_phone=&#8220;16px&#8220; header_4_font_size_last_edited=&#8220;on|phone&#8220; custom_css_main_element=&#8220;position: relative!important;||z-index: 99!important;||display: block!important; ||&#8220; global_colors_info=&#8220;{}&#8220;]<\/p>\n<p style=\"text-align: center;\">Madeira<\/p>\n<p style=\"text-align: center;\"><strong>5 RUNDEN<\/strong><\/p>\n<p style=\"text-align: center;\"><strong>F\u00dcR NUR 450 \u20ac PRO PERSON<\/strong><\/p>\n<p>[\/et_pb_text][\/et_pb_column][et_pb_column type=&#8220;3_4&#8243; _builder_version=&#8220;4.27.4&#8243; _module_preset=&#8220;default&#8220; background_color=&#8220;rgba(87,87,87,0.1)&#8220; global_colors_info=&#8220;{}&#8220;][et_pb_text disabled_on=&#8220;off|off|off&#8220; module_class=&#8220;pack-text&#8220; _builder_version=&#8220;4.27.4&#8243; _module_preset=&#8220;cb5f2263-e427-4705-a8bb-27ee12aa3095&#8243; text_font=&#8220;Poppins|300|||||||&#8220; text_letter_spacing=&#8220;-0.01em&#8220; text_line_height=&#8220;140%&#8220; header_text_color=&#8220;#575757&#8243; header_font_size=&#8220;40px&#8220; header_2_font=&#8220;Poppins|800|||||||&#8220; header_2_line_height=&#8220;120%&#8220; header_3_font=&#8220;|800|||||||&#8220; header_3_text_align=&#8220;left&#8220; header_3_text_color=&#8220;#575757&#8243; header_3_font_size=&#8220;24px&#8220; header_3_letter_spacing=&#8220;-0.01em&#8220; header_3_line_height=&#8220;110%&#8220; background_color=&#8220;#e4f0e2&#8243; background_enable_image=&#8220;off&#8220; background_position=&#8220;bottom_right&#8220; background_blend=&#8220;multiply&#8220; background_layout=&#8220;dark&#8220; width=&#8220;100%&#8220; max_width=&#8220;100%&#8220; min_height=&#8220;400px&#8220; min_height_tablet=&#8220;100%&#8220; min_height_phone=&#8220;100%&#8220; min_height_last_edited=&#8220;on|desktop&#8220; custom_margin=&#8220;0px|0px|0px|0px|false|false&#8220; custom_margin_tablet=&#8220;0px|0px|0px|0px|false|false&#8220; custom_margin_phone=&#8220;0px|0px|0px|0px|false|false&#8220; custom_margin_last_edited=&#8220;on|desktop&#8220; custom_padding=&#8220;30px|30px|30px|30px|false|false&#8220; text_font_size_tablet=&#8220;&#8220; text_font_size_phone=&#8220;16px&#8220; text_font_size_last_edited=&#8220;on|desktop&#8220; header_3_font_size_tablet=&#8220;24px&#8220; header_3_font_size_phone=&#8220;20px&#8220; header_3_font_size_last_edited=&#8220;on|desktop&#8220; custom_css_main_element=&#8220;position: relative!important;||display: -webkit-box!important; ||display: -ms-flexbox!important;||display: -webkit-flex!important;||display: flex!important;||-webkit-align-items: center!important;||align-items: center!important;||z-index: 99!important;&#8220; global_colors_info=&#8220;{}&#8220;]<\/p>\n<ul>\n<li>F\u00fcnf komplette Golfrunden auf dem Clube de Golf Santo da Serra, Palheiro Golf oder eine individuelle Kombination der beiden Pl\u00e4tze;<\/li>\n<li>G\u00fcltig f\u00fcr einen Zeitraum von zwei Wochen;<\/li>\n<li>Die Abschlagszeiten (Tee Times) k\u00f6nnen im Voraus gebucht werden.<\/li>\n<\/ul>\n<p><strong>Hinweis<\/strong>: Nicht genutzte Spiele sind nicht \u00fcbertragbar und k\u00f6nnen nicht erstattet werden.<\/p>\n<p>[\/et_pb_text][\/et_pb_column][\/et_pb_row][et_pb_row _builder_version=&#8220;4.27.4&#8243; _module_preset=&#8220;default&#8220; custom_margin=&#8220;0px||30px||false|false&#8220; custom_padding=&#8220;0px||0px||false|false&#8220; global_colors_info=&#8220;{}&#8220;][et_pb_column type=&#8220;4_4&#8243; _builder_version=&#8220;4.25.0&#8243; _module_preset=&#8220;default&#8220; global_colors_info=&#8220;{}&#8220;][et_pb_text admin_label=&#8220;PACOTE PREMIUM&#8220; _builder_version=&#8220;4.27.4&#8243; _module_preset=&#8220;default&#8220; text_font=&#8220;&#8211;et_global_body_font|300|||||||&#8220; text_text_color=&#8220;#575757&#8243; text_font_size=&#8220;17px&#8220; text_letter_spacing=&#8220;-0.01px&#8220; text_line_height=&#8220;130%&#8220; background_color=&#8220;#e4f0e2&#8243; background_layout=&#8220;dark&#8220; custom_margin=&#8220;0px||0px||false|false&#8220; custom_padding=&#8220;40px|5%|40px|5%|false|false&#8220; link_option_url=&#8220;https:\/\/madeiragolfpassport.com\/de\/golfplaetze\/porto-santo-golfe\/&#8220; global_colors_info=&#8220;{}&#8220;]<\/p>\n<p><strong>Paket Porto Santo<\/strong>: F\u00fcgen Sie zum Porto Santo Golfe einen Tagesausflug hinzu, nur ab 125 \u20ac*, einschlie\u00dflich einer Tageskreuzfahrt (Hin- und R\u00fcckfahrt mit der F\u00e4hre) mit der Porto Santo Line, Transfers zwischen Hotel und Golfplatz bei allen Angebotsversionen und Ihrer 18-Loch-Greenfee.<\/p>\n<p><small>*Der Preis basiert auf einer F\u00e4hrfahrt in der \u201eTouristenklasse\u201c.<br \/>Die Fahrt in der ersten Klasse ist gegen einen geringen Aufpreis ebenfalls m\u00f6glich. <\/small><\/p>\n<p>[\/et_pb_text][\/et_pb_column][\/et_pb_row][\/et_pb_section][et_pb_section fb_built=&#8220;1&#8243; fullwidth=&#8220;on&#8220; disabled_on=&#8220;off|off|off&#8220; _builder_version=&#8220;4.27.4&#8243; _module_preset=&#8220;default&#8220; min_height=&#8220;627px&#8220; custom_margin=&#8220;90px||||false|false&#8220; custom_padding=&#8220;||||false|false&#8220; custom_css_main_element=&#8220;||position: relative;||width: 100%!important;||max-width: 100%!important;|| height: 100%!important;|| min-height: 100%!important;||border: 0;&#8220; global_colors_info=&#8220;{}&#8220;][et_pb_fullwidth_image alt=&#8220;campo de golfe&#8220; title_text=&#8220;pacotes-de-golfe-cta-img&#8220; _builder_version=&#8220;4.27.4&#8243; _module_preset=&#8220;default&#8220; background_image=&#8220;https:\/\/madeiragolfpassport.com\/wp-content\/uploads\/2024\/12\/pacotes-de-golfe-cta-img.jpg&#8220; background_position=&#8220;bottom_center&#8220; width=&#8220;100%&#8220; max_width=&#8220;100%&#8220; module_alignment=&#8220;center&#8220; min_height=&#8220;627px&#8220; custom_margin=&#8220;0px||0px||false|false&#8220; custom_padding=&#8220;0px|0px|0px|0px|false|false&#8220; custom_css_main_element=&#8220;||position: relative;||border: 0;&#8220; global_colors_info=&#8220;{}&#8220;][\/et_pb_fullwidth_image][\/et_pb_section][et_pb_section fb_built=&#8220;1&#8243; admin_label=&#8220;Section CTA&#8220; module_class=&#8220;section_cta&#8220; _builder_version=&#8220;4.27.4&#8243; _module_preset=&#8220;default&#8220; custom_margin=&#8220;70px||70px||false|false&#8220; custom_margin_tablet=&#8220;70px||70px||false|false&#8220; custom_margin_phone=&#8220;50px||50px||false|false&#8220; custom_margin_last_edited=&#8220;on|phone&#8220; custom_padding=&#8220;0px||0px||false|false&#8220; global_colors_info=&#8220;{}&#8220;][et_pb_row admin_label=&#8220;Row CTA&#8220; _builder_version=&#8220;4.27.4&#8243; _module_preset=&#8220;default&#8220; background_enable_color=&#8220;off&#8220; width=&#8220;70%&#8220; width_tablet=&#8220;80%&#8220; width_phone=&#8220;&#8220; width_last_edited=&#8220;on|tablet&#8220; max_width=&#8220;70%&#8220; max_width_tablet=&#8220;80%&#8220; max_width_phone=&#8220;&#8220; max_width_last_edited=&#8220;on|desktop&#8220; module_alignment=&#8220;center&#8220; custom_margin=&#8220;||||false|false&#8220; custom_margin_tablet=&#8220;||||false|false&#8220; custom_margin_phone=&#8220;||||false|false&#8220; custom_margin_last_edited=&#8220;on|desktop&#8220; custom_padding=&#8220;0px|0px|0px|0px|false|false&#8220; custom_css_main_element=&#8220;padding: 30px 0 0 0!important;||position: relative;|| height: 100%!important;|| min-height: 100%!important;||border: 0;&#8220; global_colors_info=&#8220;{}&#8220;][et_pb_column type=&#8220;4_4&#8243; _builder_version=&#8220;4.16&#8243; _module_preset=&#8220;default&#8220; global_colors_info=&#8220;{}&#8220;][et_pb_button button_url=&#8220;@ET-DC@eyJkeW5hbWljIjp0cnVlLCJjb250ZW50IjoicG9zdF9saW5rX3VybF9wYWdlIiwic2V0dGluZ3MiOnsicG9zdF9pZCI6IjI5NTQiLCJlbmFibGVfaHRtbCI6Im9mZiJ9fQ==@&#8220; button_text=&#8220;JETZT BUCHEN&#8220; button_alignment=&#8220;center&#8220; module_class=&#8220;buttongreen push&#8220; _builder_version=&#8220;4.27.4&#8243; _dynamic_attributes=&#8220;button_url&#8220; _module_preset=&#8220;default&#8220; custom_margin=&#8220;||||false|false&#8220; custom_margin_tablet=&#8220;||||false|false&#8220; custom_margin_phone=&#8220;||||false|false&#8220; custom_margin_last_edited=&#8220;on|phone&#8220; global_colors_info=&#8220;{}&#8220;][\/et_pb_button][\/et_pb_column][\/et_pb_row][\/et_pb_section]<\/p>\n","protected":false},"excerpt":{"rendered":"<p>Erleben Sie die Golfpl\u00e4tze Madeiras mit dem Madeira Golf Passport!Madeira 3 RUNDEN F\u00dcR NUR 310 \u20ac PRO PERSON Drei komplette Golfrunden auf dem Santo da Serra Golf Club oder Palheiro Golf oder eine individuelle Kombination aus beiden Pl\u00e4tzen; G\u00fcltig f\u00fcr einen Zeitraum von zwei Wochen; Die Abschlagszeiten (Tee Times) k\u00f6nnen vor der Reise direkt in [&hellip;]<\/p>\n","protected":false},"author":1,"featured_media":0,"parent":0,"menu_order":0,"comment_status":"closed","ping_status":"closed","template":"","meta":{"_et_pb_use_builder":"on","_et_pb_old_content":"","_et_gb_content_width":"","footnotes":""},"class_list":["post-7088","page","type-page","status-publish","hentry"],"_links":{"self":[{"href":"https:\/\/madeiragolfpassport.com\/de\/wp-json\/wp\/v2\/pages\/7088","targetHints":{"allow":["GET"]}}],"collection":[{"href":"https:\/\/madeiragolfpassport.com\/de\/wp-json\/wp\/v2\/pages"}],"about":[{"href":"https:\/\/madeiragolfpassport.com\/de\/wp-json\/wp\/v2\/types\/page"}],"author":[{"embeddable":true,"href":"https:\/\/madeiragolfpassport.com\/de\/wp-json\/wp\/v2\/users\/1"}],"replies":[{"embeddable":true,"href":"https:\/\/madeiragolfpassport.com\/de\/wp-json\/wp\/v2\/comments?post=7088"}],"version-history":[{"count":19,"href":"https:\/\/madeiragolfpassport.com\/de\/wp-json\/wp\/v2\/pages\/7088\/revisions"}],"predecessor-version":[{"id":8573,"href":"https:\/\/madeiragolfpassport.com\/de\/wp-json\/wp\/v2\/pages\/7088\/revisions\/8573"}],"wp:attachment":[{"href":"https:\/\/madeiragolfpassport.com\/de\/wp-json\/wp\/v2\/media?parent=7088"}],"curies":[{"name":"wp","href":"https:\/\/api.w.org\/{rel}","templated":true}]}}